{"id":29186,"date":"2023-10-18T17:20:33","date_gmt":"2023-10-18T15:20:33","guid":{"rendered":"https:\/\/petite-pose.plein.ch\/?page_id=29186"},"modified":"2024-08-04T16:31:45","modified_gmt":"2024-08-04T14:31:45","slug":"impressum","status":"publish","type":"page","link":"http:\/\/lapose.ch\/fr\/impressum\/","title":{"rendered":"Impressum"},"content":{"rendered":"<p>Responsable du contenu, de la conception &amp; de la r\u00e9alisation du portail en ligne :<\/p>\n\n\n\n<p>Siwe Management<br>Asterweg 9<br>3075 R\u00fcfeancht<br>Suisse<\/p>\n\n\n\n<h2 class=\"wp-block-heading\">Garantie<\/h2>\n\n\n\n<p>Nous nous effor\u00e7ons de fournir des informations aussi correctes et actuelles que possible. Les contenus ont \u00e9t\u00e9 \u00e9labor\u00e9s avec soin. Des erreurs peuvent n\u00e9anmoins survenir. Les auteurs et les \u00e9diteurs n'assument aucune garantie ni responsabilit\u00e9 quant \u00e0 l'exactitude, la fiabilit\u00e9, l'exhaustivit\u00e9 et l'actualit\u00e9 des informations. L'utilisation du site web et des informations qu'il contient se fait aux risques et p\u00e9rils de l'utilisateur. Des modifications peuvent \u00eatre apport\u00e9es \u00e0 tout moment.<\/p>\n\n\n\n<p><a href=\"javascript:gaOptout('');\"><\/a><\/p>","protected":false},"excerpt":{"rendered":"<p>Verantwortlich f\u00fcr Inhalt, Konzeption &amp; Realisierung des Onlineportals: Siwe ManagementAsterweg 93075 R\u00fcfeanchtSchweiz Gew\u00e4hrleistung Wir bem\u00fchen uns um m\u00f6glichst korrekte und aktuelle Information. Die Inhalte wurden sorgf\u00e4ltig erarbeitet.&nbsp;Trotzdem k\u00f6nnen Fehler auftreten. Autoren und Herausgeber \u00fcbernehmen&nbsp;keine Gew\u00e4hr und Haftung f\u00fcr die Richtigkeit, Zuverl\u00e4ssigkeit, Vollst\u00e4ndigkeit und Aktualit\u00e4t der Information. Die Verwendung der Website und der darin enthaltenen Informationen [&hellip;]<\/p>","protected":false},"author":1,"featured_media":0,"parent":0,"menu_order":0,"comment_status":"closed","ping_status":"closed","template":"","meta":{"footnotes":""},"class_list":["post-29186","page","type-page","status-publish","hentry"],"yoast_head":"<!-- This site is optimized with the Yoast SEO plugin v26.6 - https:\/\/yoast.com\/wordpress\/plugins\/seo\/ -->\n<title>Impressum - La Pose<\/title>\n<meta name=\"robots\" content=\"index, follow, max-snippet:-1, max-image-preview:large, max-video-preview:-1\" \/>\n<link rel=\"canonical\" href=\"https:\/\/lapose.ch\/fr\/impressum\/\" \/>\n<meta property=\"og:locale\" content=\"fr_FR\" \/>\n<meta property=\"og:type\" content=\"article\" \/>\n<meta property=\"og:title\" content=\"Impressum - La Pose\" \/>\n<meta property=\"og:description\" content=\"Verantwortlich f\u00fcr Inhalt, Konzeption &amp; Realisierung des Onlineportals: Siwe ManagementAsterweg 93075 R\u00fcfeanchtSchweiz Gew\u00e4hrleistung Wir bem\u00fchen uns um m\u00f6glichst korrekte und aktuelle Information. Die Inhalte wurden sorgf\u00e4ltig erarbeitet.&nbsp;Trotzdem k\u00f6nnen Fehler auftreten. Autoren und Herausgeber \u00fcbernehmen&nbsp;keine Gew\u00e4hr und Haftung f\u00fcr die Richtigkeit, Zuverl\u00e4ssigkeit, Vollst\u00e4ndigkeit und Aktualit\u00e4t der Information. Die Verwendung der Website und der darin enthaltenen Informationen [&hellip;]\" \/>\n<meta property=\"og:url\" content=\"https:\/\/lapose.ch\/fr\/impressum\/\" \/>\n<meta property=\"og:site_name\" content=\"La Pose\" \/>\n<meta property=\"article:modified_time\" content=\"2024-08-04T14:31:45+00:00\" \/>\n<meta name=\"twitter:card\" content=\"summary_large_image\" \/>\n<meta name=\"twitter:label1\" content=\"Dur\u00e9e de lecture estim\u00e9e\" \/>\n\t<meta name=\"twitter:data1\" content=\"1 minute\" \/>\n<script type=\"application\/ld+json\" class=\"yoast-schema-graph\">{\"@context\":\"https:\/\/schema.org\",\"@graph\":[{\"@type\":\"WebPage\",\"@id\":\"https:\/\/lapose.ch\/impressum\/\",\"url\":\"https:\/\/lapose.ch\/impressum\/\",\"name\":\"Impressum - La Pose\",\"isPartOf\":{\"@id\":\"https:\/\/lapose.ch\/#website\"},\"datePublished\":\"2023-10-18T15:20:33+00:00\",\"dateModified\":\"2024-08-04T14:31:45+00:00\",\"breadcrumb\":{\"@id\":\"https:\/\/lapose.ch\/impressum\/#breadcrumb\"},\"inLanguage\":\"fr-FR\",\"potentialAction\":[{\"@type\":\"ReadAction\",\"target\":[\"https:\/\/lapose.ch\/impressum\/\"]}]},{\"@type\":\"BreadcrumbList\",\"@id\":\"https:\/\/lapose.ch\/impressum\/#breadcrumb\",\"itemListElement\":[{\"@type\":\"ListItem\",\"position\":1,\"name\":\"Startseite\",\"item\":\"https:\/\/lapose.ch\/\"},{\"@type\":\"ListItem\",\"position\":2,\"name\":\"Impressum\"}]},{\"@type\":\"WebSite\",\"@id\":\"https:\/\/lapose.ch\/#website\",\"url\":\"https:\/\/lapose.ch\/\",\"name\":\"La Pose\",\"description\":\"\",\"potentialAction\":[{\"@type\":\"SearchAction\",\"target\":{\"@type\":\"EntryPoint\",\"urlTemplate\":\"https:\/\/lapose.ch\/?s={search_term_string}\"},\"query-input\":{\"@type\":\"PropertyValueSpecification\",\"valueRequired\":true,\"valueName\":\"search_term_string\"}}],\"inLanguage\":\"fr-FR\"}]}<\/script>\n<!-- \/ Yoast SEO plugin. -->","yoast_head_json":{"title":"Impressum - La Pose","robots":{"index":"index","follow":"follow","max-snippet":"max-snippet:-1","max-image-preview":"max-image-preview:large","max-video-preview":"max-video-preview:-1"},"canonical":"https:\/\/lapose.ch\/fr\/impressum\/","og_locale":"fr_FR","og_type":"article","og_title":"Impressum - La Pose","og_description":"Verantwortlich f\u00fcr Inhalt, Konzeption &amp; Realisierung des Onlineportals: Siwe ManagementAsterweg 93075 R\u00fcfeanchtSchweiz Gew\u00e4hrleistung Wir bem\u00fchen uns um m\u00f6glichst korrekte und aktuelle Information. Die Inhalte wurden sorgf\u00e4ltig erarbeitet.&nbsp;Trotzdem k\u00f6nnen Fehler auftreten. Autoren und Herausgeber \u00fcbernehmen&nbsp;keine Gew\u00e4hr und Haftung f\u00fcr die Richtigkeit, Zuverl\u00e4ssigkeit, Vollst\u00e4ndigkeit und Aktualit\u00e4t der Information. Die Verwendung der Website und der darin enthaltenen Informationen [&hellip;]","og_url":"https:\/\/lapose.ch\/fr\/impressum\/","og_site_name":"La Pose","article_modified_time":"2024-08-04T14:31:45+00:00","twitter_card":"summary_large_image","twitter_misc":{"Dur\u00e9e de lecture estim\u00e9e":"1 minute"},"schema":{"@context":"https:\/\/schema.org","@graph":[{"@type":"WebPage","@id":"https:\/\/lapose.ch\/impressum\/","url":"https:\/\/lapose.ch\/impressum\/","name":"Impressum - La Pose","isPartOf":{"@id":"https:\/\/lapose.ch\/#website"},"datePublished":"2023-10-18T15:20:33+00:00","dateModified":"2024-08-04T14:31:45+00:00","breadcrumb":{"@id":"https:\/\/lapose.ch\/impressum\/#breadcrumb"},"inLanguage":"fr-FR","potentialAction":[{"@type":"ReadAction","target":["https:\/\/lapose.ch\/impressum\/"]}]},{"@type":"BreadcrumbList","@id":"https:\/\/lapose.ch\/impressum\/#breadcrumb","itemListElement":[{"@type":"ListItem","position":1,"name":"Startseite","item":"https:\/\/lapose.ch\/"},{"@type":"ListItem","position":2,"name":"Impressum"}]},{"@type":"WebSite","@id":"https:\/\/lapose.ch\/#website","url":"https:\/\/lapose.ch\/","name":"La Pose","description":"","potentialAction":[{"@type":"SearchAction","target":{"@type":"EntryPoint","urlTemplate":"https:\/\/lapose.ch\/?s={search_term_string}"},"query-input":{"@type":"PropertyValueSpecification","valueRequired":true,"valueName":"search_term_string"}}],"inLanguage":"fr-FR"}]}},"_links":{"self":[{"href":"http:\/\/lapose.ch\/fr\/wp-json\/wp\/v2\/pages\/29186","targetHints":{"allow":["GET"]}}],"collection":[{"href":"http:\/\/lapose.ch\/fr\/wp-json\/wp\/v2\/pages"}],"about":[{"href":"http:\/\/lapose.ch\/fr\/wp-json\/wp\/v2\/types\/page"}],"author":[{"embeddable":true,"href":"http:\/\/lapose.ch\/fr\/wp-json\/wp\/v2\/users\/1"}],"replies":[{"embeddable":true,"href":"http:\/\/lapose.ch\/fr\/wp-json\/wp\/v2\/comments?post=29186"}],"version-history":[{"count":3,"href":"http:\/\/lapose.ch\/fr\/wp-json\/wp\/v2\/pages\/29186\/revisions"}],"predecessor-version":[{"id":29250,"href":"http:\/\/lapose.ch\/fr\/wp-json\/wp\/v2\/pages\/29186\/revisions\/29250"}],"wp:attachment":[{"href":"http:\/\/lapose.ch\/fr\/wp-json\/wp\/v2\/media?parent=29186"}],"curies":[{"name":"wp","href":"https:\/\/api.w.org\/{rel}","templated":true}]}}